{"id":54143,"date":"2023-09-21T12:32:07","date_gmt":"2023-09-21T10:32:07","guid":{"rendered":"https:\/\/www.maisondulacdegrandlieu.org\/?post_type=product&#038;p=54143"},"modified":"2024-09-23T12:39:28","modified_gmt":"2024-09-23T10:39:28","slug":"la-maison-des-tout-petits-4-6-ans-a-traduire","status":"publish","type":"product","link":"https:\/\/www.maisondulacdegrandlieu.org\/en\/billetterie\/la-maison-des-tout-petits-4-6-ans-a-traduire\/","title":{"rendered":"La Maison des tout-petits (4\/6 ans) \u00e0 traduire"},"content":{"rendered":"<p><strong>Atelier enfant automne Grand-Lieu<\/strong> | Mais o\u00f9 est donc partie l\u2019eau du lac de Grand-Lieu ? Edgar le renard sera votre partenaire pour mener l\u2019enqu\u00eate : les sens en \u00e9veil, entrez dans sa maison au bord du lac ! Un atelier \u00e9nigmes, contes et marionnettes d\u00e9di\u00e9 aux tout-petits (enfants de 4 \u00e0 6 ans).<\/p>\n<p style=\"text-align: right;\"><a href=\"https:\/\/www.maisondulacdegrandlieu.org\/visites-thematiques-ateliers-enfants\/\" target=\"_blank\" rel=\"noopener\">En savoir plus sur la visite &#8220;La Maison des tout-petits&#8221;<\/a><\/p>\n","protected":false},"excerpt":{"rendered":"<p>Atelier enfant automne Grand-Lieu | Mais o\u00f9 est donc partie l\u2019eau du lac de Grand-Lieu ? Edgar le renard sera votre partenaire pour mener l\u2019enqu\u00eate : les sens en \u00e9veil, entrez dans sa maison au bord du lac ! Un atelier \u00e9nigmes, contes et marionnettes d\u00e9di\u00e9 aux tout-petits (enfants de 4 \u00e0 6 ans). En [&hellip;]<\/p>\n","protected":false},"featured_media":56742,"template":"","meta":{"_acf_changed":false},"product_brand":[],"product_cat":[253],"product_tag":[],"class_list":{"0":"post-54143","1":"product","2":"type-product","3":"status-publish","4":"has-post-thumbnail","6":"product_cat-uncategorized","8":"first","9":"outofstock","10":"shipping-taxable","11":"purchasable","12":"product-type-variable"},"acf":[],"yoast_head":"<!-- This site is optimized with the Yoast SEO plugin v27.5 - https:\/\/yoast.com\/product\/yoast-seo-wordpress\/ -->\n<title>La Maison des tout-petits (4\/6 ans) \u00e0 traduire - Maison du Lac de Grand-Lieu<\/title>\n<meta name=\"robots\" content=\"index, follow, max-snippet:-1, max-image-preview:large, max-video-preview:-1\" \/>\n<link rel=\"canonical\" href=\"https:\/\/www.maisondulacdegrandlieu.org\/en\/billetterie\/la-maison-des-tout-petits-4-6-ans-a-traduire\/\" \/>\n<meta property=\"og:locale\" content=\"en_US\" \/>\n<meta property=\"og:type\" content=\"article\" \/>\n<meta property=\"og:title\" content=\"La Maison des tout-petits (4\/6 ans) \u00e0 traduire - Maison du Lac de Grand-Lieu\" \/>\n<meta property=\"og:description\" content=\"Atelier enfant automne Grand-Lieu | Mais o\u00f9 est donc partie l\u2019eau du lac de Grand-Lieu ? Edgar le renard sera votre partenaire pour mener l\u2019enqu\u00eate : les sens en \u00e9veil, entrez dans sa maison au bord du lac ! Un atelier \u00e9nigmes, contes et marionnettes d\u00e9di\u00e9 aux tout-petits (enfants de 4 \u00e0 6 ans). En [&hellip;]\" \/>\n<meta property=\"og:url\" content=\"https:\/\/www.maisondulacdegrandlieu.org\/en\/billetterie\/la-maison-des-tout-petits-4-6-ans-a-traduire\/\" \/>\n<meta property=\"og:site_name\" content=\"Maison du Lac de Grand-Lieu\" \/>\n<meta property=\"article:modified_time\" content=\"2024-09-23T10:39:28+00:00\" \/>\n<meta property=\"og:image\" content=\"https:\/\/maisondulac-197c6.kxcdn.com\/wp-content\/uploads\/2023\/10\/2018-07-Pav-des-tout-petits-2-carre.jpg\" \/>\n\t<meta property=\"og:image:width\" content=\"1512\" \/>\n\t<meta property=\"og:image:height\" content=\"1512\" \/>\n\t<meta property=\"og:image:type\" content=\"image\/jpeg\" \/>\n<meta name=\"twitter:card\" content=\"summary_large_image\" \/>\n<meta name=\"twitter:label1\" content=\"Est. reading time\" \/>\n\t<meta name=\"twitter:data1\" content=\"1 minute\" \/>\n<script type=\"application\/ld+json\" class=\"yoast-schema-graph\">{\"@context\":\"https:\\\/\\\/schema.org\",\"@graph\":[{\"@type\":\"WebPage\",\"@id\":\"https:\\\/\\\/www.maisondulacdegrandlieu.org\\\/en\\\/billetterie\\\/la-maison-des-tout-petits-4-6-ans-a-traduire\\\/\",\"url\":\"https:\\\/\\\/www.maisondulacdegrandlieu.org\\\/en\\\/billetterie\\\/la-maison-des-tout-petits-4-6-ans-a-traduire\\\/\",\"name\":\"La Maison des tout-petits (4\\\/6 ans) \u00e0 traduire - Maison du Lac de Grand-Lieu\",\"isPartOf\":{\"@id\":\"https:\\\/\\\/www.maisondulacdegrandlieu.org\\\/#website\"},\"primaryImageOfPage\":{\"@id\":\"https:\\\/\\\/www.maisondulacdegrandlieu.org\\\/en\\\/billetterie\\\/la-maison-des-tout-petits-4-6-ans-a-traduire\\\/#primaryimage\"},\"image\":{\"@id\":\"https:\\\/\\\/www.maisondulacdegrandlieu.org\\\/en\\\/billetterie\\\/la-maison-des-tout-petits-4-6-ans-a-traduire\\\/#primaryimage\"},\"thumbnailUrl\":\"https:\\\/\\\/www.maisondulacdegrandlieu.org\\\/wp-content\\\/uploads\\\/2023\\\/10\\\/2018-07-Pav-des-tout-petits-2-carre.jpg\",\"datePublished\":\"2023-09-21T10:32:07+00:00\",\"dateModified\":\"2024-09-23T10:39:28+00:00\",\"breadcrumb\":{\"@id\":\"https:\\\/\\\/www.maisondulacdegrandlieu.org\\\/en\\\/billetterie\\\/la-maison-des-tout-petits-4-6-ans-a-traduire\\\/#breadcrumb\"},\"inLanguage\":\"en-US\",\"potentialAction\":[{\"@type\":\"ReadAction\",\"target\":[\"https:\\\/\\\/www.maisondulacdegrandlieu.org\\\/en\\\/billetterie\\\/la-maison-des-tout-petits-4-6-ans-a-traduire\\\/\"]}]},{\"@type\":\"ImageObject\",\"inLanguage\":\"en-US\",\"@id\":\"https:\\\/\\\/www.maisondulacdegrandlieu.org\\\/en\\\/billetterie\\\/la-maison-des-tout-petits-4-6-ans-a-traduire\\\/#primaryimage\",\"url\":\"https:\\\/\\\/www.maisondulacdegrandlieu.org\\\/wp-content\\\/uploads\\\/2023\\\/10\\\/2018-07-Pav-des-tout-petits-2-carre.jpg\",\"contentUrl\":\"https:\\\/\\\/www.maisondulacdegrandlieu.org\\\/wp-content\\\/uploads\\\/2023\\\/10\\\/2018-07-Pav-des-tout-petits-2-carre.jpg\",\"width\":1512,\"height\":1512,\"caption\":\"\u00a9 MDL\"},{\"@type\":\"BreadcrumbList\",\"@id\":\"https:\\\/\\\/www.maisondulacdegrandlieu.org\\\/en\\\/billetterie\\\/la-maison-des-tout-petits-4-6-ans-a-traduire\\\/#breadcrumb\",\"itemListElement\":[{\"@type\":\"ListItem\",\"position\":1,\"name\":\"Accueil\",\"item\":\"https:\\\/\\\/www.maisondulacdegrandlieu.org\\\/en\\\/\"},{\"@type\":\"ListItem\",\"position\":2,\"name\":\"Booking\",\"item\":\"https:\\\/\\\/www.maisondulacdegrandlieu.org\\\/en\\\/booking\\\/\"},{\"@type\":\"ListItem\",\"position\":3,\"name\":\"La Maison des tout-petits (4\\\/6 ans) \u00e0 traduire\"}]},{\"@type\":\"WebSite\",\"@id\":\"https:\\\/\\\/www.maisondulacdegrandlieu.org\\\/#website\",\"url\":\"https:\\\/\\\/www.maisondulacdegrandlieu.org\\\/\",\"name\":\"Maison du Lac de Grand-Lieu\",\"description\":\"\",\"publisher\":{\"@id\":\"https:\\\/\\\/www.maisondulacdegrandlieu.org\\\/#organization\"},\"potentialAction\":[{\"@type\":\"SearchAction\",\"target\":{\"@type\":\"EntryPoint\",\"urlTemplate\":\"https:\\\/\\\/www.maisondulacdegrandlieu.org\\\/?s={search_term_string}\"},\"query-input\":{\"@type\":\"PropertyValueSpecification\",\"valueRequired\":true,\"valueName\":\"search_term_string\"}}],\"inLanguage\":\"en-US\"},{\"@type\":\"Organization\",\"@id\":\"https:\\\/\\\/www.maisondulacdegrandlieu.org\\\/#organization\",\"name\":\"Maison du Lac de Grand-Lieu\",\"url\":\"https:\\\/\\\/www.maisondulacdegrandlieu.org\\\/\",\"logo\":{\"@type\":\"ImageObject\",\"inLanguage\":\"en-US\",\"@id\":\"https:\\\/\\\/www.maisondulacdegrandlieu.org\\\/#\\\/schema\\\/logo\\\/image\\\/\",\"url\":\"https:\\\/\\\/www.maisondulacdegrandlieu.org\\\/wp-content\\\/uploads\\\/2021\\\/06\\\/logo-maison-du-lac-de-grand-lieu.svg\",\"contentUrl\":\"https:\\\/\\\/www.maisondulacdegrandlieu.org\\\/wp-content\\\/uploads\\\/2021\\\/06\\\/logo-maison-du-lac-de-grand-lieu.svg\",\"width\":222,\"height\":49,\"caption\":\"Maison du Lac de Grand-Lieu\"},\"image\":{\"@id\":\"https:\\\/\\\/www.maisondulacdegrandlieu.org\\\/#\\\/schema\\\/logo\\\/image\\\/\"}}]}<\/script>\n<!-- \/ Yoast SEO plugin. -->","yoast_head_json":{"title":"La Maison des tout-petits (4\/6 ans) \u00e0 traduire - Maison du Lac de Grand-Lieu","robots":{"index":"index","follow":"follow","max-snippet":"max-snippet:-1","max-image-preview":"max-image-preview:large","max-video-preview":"max-video-preview:-1"},"canonical":"https:\/\/www.maisondulacdegrandlieu.org\/en\/billetterie\/la-maison-des-tout-petits-4-6-ans-a-traduire\/","og_locale":"en_US","og_type":"article","og_title":"La Maison des tout-petits (4\/6 ans) \u00e0 traduire - Maison du Lac de Grand-Lieu","og_description":"Atelier enfant automne Grand-Lieu | Mais o\u00f9 est donc partie l\u2019eau du lac de Grand-Lieu ? Edgar le renard sera votre partenaire pour mener l\u2019enqu\u00eate : les sens en \u00e9veil, entrez dans sa maison au bord du lac ! Un atelier \u00e9nigmes, contes et marionnettes d\u00e9di\u00e9 aux tout-petits (enfants de 4 \u00e0 6 ans). En [&hellip;]","og_url":"https:\/\/www.maisondulacdegrandlieu.org\/en\/billetterie\/la-maison-des-tout-petits-4-6-ans-a-traduire\/","og_site_name":"Maison du Lac de Grand-Lieu","article_modified_time":"2024-09-23T10:39:28+00:00","og_image":[{"width":1512,"height":1512,"url":"https:\/\/maisondulac-197c6.kxcdn.com\/wp-content\/uploads\/2023\/10\/2018-07-Pav-des-tout-petits-2-carre.jpg","type":"image\/jpeg"}],"twitter_card":"summary_large_image","twitter_misc":{"Est. reading time":"1 minute"},"schema":{"@context":"https:\/\/schema.org","@graph":[{"@type":"WebPage","@id":"https:\/\/www.maisondulacdegrandlieu.org\/en\/billetterie\/la-maison-des-tout-petits-4-6-ans-a-traduire\/","url":"https:\/\/www.maisondulacdegrandlieu.org\/en\/billetterie\/la-maison-des-tout-petits-4-6-ans-a-traduire\/","name":"La Maison des tout-petits (4\/6 ans) \u00e0 traduire - Maison du Lac de Grand-Lieu","isPartOf":{"@id":"https:\/\/www.maisondulacdegrandlieu.org\/#website"},"primaryImageOfPage":{"@id":"https:\/\/www.maisondulacdegrandlieu.org\/en\/billetterie\/la-maison-des-tout-petits-4-6-ans-a-traduire\/#primaryimage"},"image":{"@id":"https:\/\/www.maisondulacdegrandlieu.org\/en\/billetterie\/la-maison-des-tout-petits-4-6-ans-a-traduire\/#primaryimage"},"thumbnailUrl":"https:\/\/maisondulac-197c6.kxcdn.com\/wp-content\/uploads\/2023\/10\/2018-07-Pav-des-tout-petits-2-carre.jpg","datePublished":"2023-09-21T10:32:07+00:00","dateModified":"2024-09-23T10:39:28+00:00","breadcrumb":{"@id":"https:\/\/www.maisondulacdegrandlieu.org\/en\/billetterie\/la-maison-des-tout-petits-4-6-ans-a-traduire\/#breadcrumb"},"inLanguage":"en-US","potentialAction":[{"@type":"ReadAction","target":["https:\/\/www.maisondulacdegrandlieu.org\/en\/billetterie\/la-maison-des-tout-petits-4-6-ans-a-traduire\/"]}]},{"@type":"ImageObject","inLanguage":"en-US","@id":"https:\/\/www.maisondulacdegrandlieu.org\/en\/billetterie\/la-maison-des-tout-petits-4-6-ans-a-traduire\/#primaryimage","url":"https:\/\/maisondulac-197c6.kxcdn.com\/wp-content\/uploads\/2023\/10\/2018-07-Pav-des-tout-petits-2-carre.jpg","contentUrl":"https:\/\/maisondulac-197c6.kxcdn.com\/wp-content\/uploads\/2023\/10\/2018-07-Pav-des-tout-petits-2-carre.jpg","width":1512,"height":1512,"caption":"\u00a9 MDL"},{"@type":"BreadcrumbList","@id":"https:\/\/www.maisondulacdegrandlieu.org\/en\/billetterie\/la-maison-des-tout-petits-4-6-ans-a-traduire\/#breadcrumb","itemListElement":[{"@type":"ListItem","position":1,"name":"Accueil","item":"https:\/\/www.maisondulacdegrandlieu.org\/en\/"},{"@type":"ListItem","position":2,"name":"Booking","item":"https:\/\/www.maisondulacdegrandlieu.org\/en\/booking\/"},{"@type":"ListItem","position":3,"name":"La Maison des tout-petits (4\/6 ans) \u00e0 traduire"}]},{"@type":"WebSite","@id":"https:\/\/www.maisondulacdegrandlieu.org\/#website","url":"https:\/\/www.maisondulacdegrandlieu.org\/","name":"Maison du Lac de Grand-Lieu","description":"","publisher":{"@id":"https:\/\/www.maisondulacdegrandlieu.org\/#organization"},"potentialAction":[{"@type":"SearchAction","target":{"@type":"EntryPoint","urlTemplate":"https:\/\/www.maisondulacdegrandlieu.org\/?s={search_term_string}"},"query-input":{"@type":"PropertyValueSpecification","valueRequired":true,"valueName":"search_term_string"}}],"inLanguage":"en-US"},{"@type":"Organization","@id":"https:\/\/www.maisondulacdegrandlieu.org\/#organization","name":"Maison du Lac de Grand-Lieu","url":"https:\/\/www.maisondulacdegrandlieu.org\/","logo":{"@type":"ImageObject","inLanguage":"en-US","@id":"https:\/\/www.maisondulacdegrandlieu.org\/#\/schema\/logo\/image\/","url":"https:\/\/maisondulac-197c6.kxcdn.com\/wp-content\/uploads\/2021\/06\/logo-maison-du-lac-de-grand-lieu.svg","contentUrl":"https:\/\/maisondulac-197c6.kxcdn.com\/wp-content\/uploads\/2021\/06\/logo-maison-du-lac-de-grand-lieu.svg","width":222,"height":49,"caption":"Maison du Lac de Grand-Lieu"},"image":{"@id":"https:\/\/www.maisondulacdegrandlieu.org\/#\/schema\/logo\/image\/"}}]}},"_links":{"self":[{"href":"https:\/\/www.maisondulacdegrandlieu.org\/en\/wp-json\/wp\/v2\/product\/54143","targetHints":{"allow":["GET"]}}],"collection":[{"href":"https:\/\/www.maisondulacdegrandlieu.org\/en\/wp-json\/wp\/v2\/product"}],"about":[{"href":"https:\/\/www.maisondulacdegrandlieu.org\/en\/wp-json\/wp\/v2\/types\/product"}],"wp:featuredmedia":[{"embeddable":true,"href":"https:\/\/www.maisondulacdegrandlieu.org\/en\/wp-json\/wp\/v2\/media\/56742"}],"wp:attachment":[{"href":"https:\/\/www.maisondulacdegrandlieu.org\/en\/wp-json\/wp\/v2\/media?parent=54143"}],"wp:term":[{"taxonomy":"product_brand","embeddable":true,"href":"https:\/\/www.maisondulacdegrandlieu.org\/en\/wp-json\/wp\/v2\/product_brand?post=54143"},{"taxonomy":"product_cat","embeddable":true,"href":"https:\/\/www.maisondulacdegrandlieu.org\/en\/wp-json\/wp\/v2\/product_cat?post=54143"},{"taxonomy":"product_tag","embeddable":true,"href":"https:\/\/www.maisondulacdegrandlieu.org\/en\/wp-json\/wp\/v2\/product_tag?post=54143"}],"curies":[{"name":"wp","href":"https:\/\/api.w.org\/{rel}","templated":true}]}}