{"id":54144,"date":"2023-09-21T11:24:35","date_gmt":"2023-09-21T09:24:35","guid":{"rendered":"https:\/\/www.maisondulacdegrandlieu.org\/?post_type=product&#038;p=54144"},"modified":"2024-09-23T11:22:49","modified_gmt":"2024-09-23T09:22:49","slug":"a-la-rencontre-des-migrateurs-dautomne","status":"publish","type":"product","link":"https:\/\/www.maisondulacdegrandlieu.org\/en\/billetterie\/a-la-rencontre-des-migrateurs-dautomne\/","title":{"rendered":"\u00c0 la rencontre des migrateurs d&#8217;automne"},"content":{"rendered":"<p>Visite de l&#8217;automne au lac de Grand-Lieu | Comment <strong>reconnaitre les oiseaux<\/strong> et pourquoi les inventorier ? L\u2019automne est la pleine <strong>p\u00e9riode de migration<\/strong> et d\u2019arriv\u00e9e des oiseaux hivernants ! Profitez de ce moment privil\u00e9gi\u00e9 pour <strong>observer la faune en plein \u00e9veil<\/strong> et appr\u00e9cier la qui\u00e9tude du Pavillon et du lac de Grand-Lieu.<\/p>\n<p style=\"text-align: right;\"><a href=\"https:\/\/www.maisondulacdegrandlieu.org\/visites-thematiques-ateliers-enfants\/\" target=\"_blank\" rel=\"noopener\">En savoir plus sur la visite &#8220;\u00c0 la rencontre des migrateurs d&#8217;automne&#8221;<\/a><\/p>\n","protected":false},"excerpt":{"rendered":"<p>Visite de l&#8217;automne au lac de Grand-Lieu | Comment reconnaitre les oiseaux et pourquoi les inventorier ? L\u2019automne est la pleine p\u00e9riode de migration et d\u2019arriv\u00e9e des oiseaux hivernants ! Profitez de ce moment privil\u00e9gi\u00e9 pour observer la faune en plein \u00e9veil et appr\u00e9cier la qui\u00e9tude du Pavillon et du lac de Grand-Lieu. En savoir [&hellip;]<\/p>\n","protected":false},"featured_media":79239,"template":"","meta":{"_acf_changed":false},"product_brand":[],"product_cat":[253],"product_tag":[],"class_list":{"0":"post-54144","1":"product","2":"type-product","3":"status-publish","4":"has-post-thumbnail","6":"product_cat-uncategorized","8":"first","9":"outofstock","10":"shipping-taxable","11":"purchasable","12":"product-type-variable"},"acf":[],"yoast_head":"<!-- This site is optimized with the Yoast SEO plugin v27.5 - https:\/\/yoast.com\/product\/yoast-seo-wordpress\/ -->\n<title>\u00c0 la rencontre des migrateurs d&#039;automne - Maison du Lac de Grand-Lieu<\/title>\n<meta name=\"robots\" content=\"index, follow, max-snippet:-1, max-image-preview:large, max-video-preview:-1\" \/>\n<link rel=\"canonical\" href=\"https:\/\/www.maisondulacdegrandlieu.org\/en\/billetterie\/a-la-rencontre-des-migrateurs-dautomne\/\" \/>\n<meta property=\"og:locale\" content=\"en_US\" \/>\n<meta property=\"og:type\" content=\"article\" \/>\n<meta property=\"og:title\" content=\"\u00c0 la rencontre des migrateurs d&#039;automne - Maison du Lac de Grand-Lieu\" \/>\n<meta property=\"og:description\" content=\"Visite de l&#8217;automne au lac de Grand-Lieu | Comment reconnaitre les oiseaux et pourquoi les inventorier ? L\u2019automne est la pleine p\u00e9riode de migration et d\u2019arriv\u00e9e des oiseaux hivernants ! Profitez de ce moment privil\u00e9gi\u00e9 pour observer la faune en plein \u00e9veil et appr\u00e9cier la qui\u00e9tude du Pavillon et du lac de Grand-Lieu. En savoir [&hellip;]\" \/>\n<meta property=\"og:url\" content=\"https:\/\/www.maisondulacdegrandlieu.org\/en\/billetterie\/a-la-rencontre-des-migrateurs-dautomne\/\" \/>\n<meta property=\"og:site_name\" content=\"Maison du Lac de Grand-Lieu\" \/>\n<meta property=\"article:modified_time\" content=\"2024-09-23T09:22:49+00:00\" \/>\n<meta property=\"og:image\" content=\"https:\/\/maisondulac-197c6.kxcdn.com\/wp-content\/uploads\/2023\/09\/2023-10-Migrateurs-dautomne-tel-\u00a9MDL-50CARRE-scaled.jpg\" \/>\n\t<meta property=\"og:image:width\" content=\"2560\" \/>\n\t<meta property=\"og:image:height\" content=\"2560\" \/>\n\t<meta property=\"og:image:type\" content=\"image\/jpeg\" \/>\n<meta name=\"twitter:card\" content=\"summary_large_image\" \/>\n<meta name=\"twitter:label1\" content=\"Est. reading time\" \/>\n\t<meta name=\"twitter:data1\" content=\"1 minute\" \/>\n<script type=\"application\/ld+json\" class=\"yoast-schema-graph\">{\"@context\":\"https:\\\/\\\/schema.org\",\"@graph\":[{\"@type\":\"WebPage\",\"@id\":\"https:\\\/\\\/www.maisondulacdegrandlieu.org\\\/en\\\/billetterie\\\/a-la-rencontre-des-migrateurs-dautomne\\\/\",\"url\":\"https:\\\/\\\/www.maisondulacdegrandlieu.org\\\/en\\\/billetterie\\\/a-la-rencontre-des-migrateurs-dautomne\\\/\",\"name\":\"\u00c0 la rencontre des migrateurs d'automne - Maison du Lac de Grand-Lieu\",\"isPartOf\":{\"@id\":\"https:\\\/\\\/www.maisondulacdegrandlieu.org\\\/#website\"},\"primaryImageOfPage\":{\"@id\":\"https:\\\/\\\/www.maisondulacdegrandlieu.org\\\/en\\\/billetterie\\\/a-la-rencontre-des-migrateurs-dautomne\\\/#primaryimage\"},\"image\":{\"@id\":\"https:\\\/\\\/www.maisondulacdegrandlieu.org\\\/en\\\/billetterie\\\/a-la-rencontre-des-migrateurs-dautomne\\\/#primaryimage\"},\"thumbnailUrl\":\"https:\\\/\\\/www.maisondulacdegrandlieu.org\\\/wp-content\\\/uploads\\\/2023\\\/09\\\/2023-10-Migrateurs-dautomne-tel-\u00a9MDL-50CARRE-scaled.jpg\",\"datePublished\":\"2023-09-21T09:24:35+00:00\",\"dateModified\":\"2024-09-23T09:22:49+00:00\",\"breadcrumb\":{\"@id\":\"https:\\\/\\\/www.maisondulacdegrandlieu.org\\\/en\\\/billetterie\\\/a-la-rencontre-des-migrateurs-dautomne\\\/#breadcrumb\"},\"inLanguage\":\"en-US\",\"potentialAction\":[{\"@type\":\"ReadAction\",\"target\":[\"https:\\\/\\\/www.maisondulacdegrandlieu.org\\\/en\\\/billetterie\\\/a-la-rencontre-des-migrateurs-dautomne\\\/\"]}]},{\"@type\":\"ImageObject\",\"inLanguage\":\"en-US\",\"@id\":\"https:\\\/\\\/www.maisondulacdegrandlieu.org\\\/en\\\/billetterie\\\/a-la-rencontre-des-migrateurs-dautomne\\\/#primaryimage\",\"url\":\"https:\\\/\\\/www.maisondulacdegrandlieu.org\\\/wp-content\\\/uploads\\\/2023\\\/09\\\/2023-10-Migrateurs-dautomne-tel-\u00a9MDL-50CARRE-scaled.jpg\",\"contentUrl\":\"https:\\\/\\\/www.maisondulacdegrandlieu.org\\\/wp-content\\\/uploads\\\/2023\\\/09\\\/2023-10-Migrateurs-dautomne-tel-\u00a9MDL-50CARRE-scaled.jpg\",\"width\":2560,\"height\":2560,\"caption\":\"\u00a9 MDL\"},{\"@type\":\"BreadcrumbList\",\"@id\":\"https:\\\/\\\/www.maisondulacdegrandlieu.org\\\/en\\\/billetterie\\\/a-la-rencontre-des-migrateurs-dautomne\\\/#breadcrumb\",\"itemListElement\":[{\"@type\":\"ListItem\",\"position\":1,\"name\":\"Accueil\",\"item\":\"https:\\\/\\\/www.maisondulacdegrandlieu.org\\\/en\\\/\"},{\"@type\":\"ListItem\",\"position\":2,\"name\":\"Booking\",\"item\":\"https:\\\/\\\/www.maisondulacdegrandlieu.org\\\/en\\\/booking\\\/\"},{\"@type\":\"ListItem\",\"position\":3,\"name\":\"\u00c0 la rencontre des migrateurs d&#8217;automne\"}]},{\"@type\":\"WebSite\",\"@id\":\"https:\\\/\\\/www.maisondulacdegrandlieu.org\\\/#website\",\"url\":\"https:\\\/\\\/www.maisondulacdegrandlieu.org\\\/\",\"name\":\"Maison du Lac de Grand-Lieu\",\"description\":\"\",\"publisher\":{\"@id\":\"https:\\\/\\\/www.maisondulacdegrandlieu.org\\\/#organization\"},\"potentialAction\":[{\"@type\":\"SearchAction\",\"target\":{\"@type\":\"EntryPoint\",\"urlTemplate\":\"https:\\\/\\\/www.maisondulacdegrandlieu.org\\\/?s={search_term_string}\"},\"query-input\":{\"@type\":\"PropertyValueSpecification\",\"valueRequired\":true,\"valueName\":\"search_term_string\"}}],\"inLanguage\":\"en-US\"},{\"@type\":\"Organization\",\"@id\":\"https:\\\/\\\/www.maisondulacdegrandlieu.org\\\/#organization\",\"name\":\"Maison du Lac de Grand-Lieu\",\"url\":\"https:\\\/\\\/www.maisondulacdegrandlieu.org\\\/\",\"logo\":{\"@type\":\"ImageObject\",\"inLanguage\":\"en-US\",\"@id\":\"https:\\\/\\\/www.maisondulacdegrandlieu.org\\\/#\\\/schema\\\/logo\\\/image\\\/\",\"url\":\"https:\\\/\\\/www.maisondulacdegrandlieu.org\\\/wp-content\\\/uploads\\\/2021\\\/06\\\/logo-maison-du-lac-de-grand-lieu.svg\",\"contentUrl\":\"https:\\\/\\\/www.maisondulacdegrandlieu.org\\\/wp-content\\\/uploads\\\/2021\\\/06\\\/logo-maison-du-lac-de-grand-lieu.svg\",\"width\":222,\"height\":49,\"caption\":\"Maison du Lac de Grand-Lieu\"},\"image\":{\"@id\":\"https:\\\/\\\/www.maisondulacdegrandlieu.org\\\/#\\\/schema\\\/logo\\\/image\\\/\"}}]}<\/script>\n<!-- \/ Yoast SEO plugin. -->","yoast_head_json":{"title":"\u00c0 la rencontre des migrateurs d'automne - Maison du Lac de Grand-Lieu","robots":{"index":"index","follow":"follow","max-snippet":"max-snippet:-1","max-image-preview":"max-image-preview:large","max-video-preview":"max-video-preview:-1"},"canonical":"https:\/\/www.maisondulacdegrandlieu.org\/en\/billetterie\/a-la-rencontre-des-migrateurs-dautomne\/","og_locale":"en_US","og_type":"article","og_title":"\u00c0 la rencontre des migrateurs d'automne - Maison du Lac de Grand-Lieu","og_description":"Visite de l&#8217;automne au lac de Grand-Lieu | Comment reconnaitre les oiseaux et pourquoi les inventorier ? L\u2019automne est la pleine p\u00e9riode de migration et d\u2019arriv\u00e9e des oiseaux hivernants ! Profitez de ce moment privil\u00e9gi\u00e9 pour observer la faune en plein \u00e9veil et appr\u00e9cier la qui\u00e9tude du Pavillon et du lac de Grand-Lieu. En savoir [&hellip;]","og_url":"https:\/\/www.maisondulacdegrandlieu.org\/en\/billetterie\/a-la-rencontre-des-migrateurs-dautomne\/","og_site_name":"Maison du Lac de Grand-Lieu","article_modified_time":"2024-09-23T09:22:49+00:00","og_image":[{"width":2560,"height":2560,"url":"https:\/\/maisondulac-197c6.kxcdn.com\/wp-content\/uploads\/2023\/09\/2023-10-Migrateurs-dautomne-tel-\u00a9MDL-50CARRE-scaled.jpg","type":"image\/jpeg"}],"twitter_card":"summary_large_image","twitter_misc":{"Est. reading time":"1 minute"},"schema":{"@context":"https:\/\/schema.org","@graph":[{"@type":"WebPage","@id":"https:\/\/www.maisondulacdegrandlieu.org\/en\/billetterie\/a-la-rencontre-des-migrateurs-dautomne\/","url":"https:\/\/www.maisondulacdegrandlieu.org\/en\/billetterie\/a-la-rencontre-des-migrateurs-dautomne\/","name":"\u00c0 la rencontre des migrateurs d'automne - Maison du Lac de Grand-Lieu","isPartOf":{"@id":"https:\/\/www.maisondulacdegrandlieu.org\/#website"},"primaryImageOfPage":{"@id":"https:\/\/www.maisondulacdegrandlieu.org\/en\/billetterie\/a-la-rencontre-des-migrateurs-dautomne\/#primaryimage"},"image":{"@id":"https:\/\/www.maisondulacdegrandlieu.org\/en\/billetterie\/a-la-rencontre-des-migrateurs-dautomne\/#primaryimage"},"thumbnailUrl":"https:\/\/maisondulac-197c6.kxcdn.com\/wp-content\/uploads\/2023\/09\/2023-10-Migrateurs-dautomne-tel-\u00a9MDL-50CARRE-scaled.jpg","datePublished":"2023-09-21T09:24:35+00:00","dateModified":"2024-09-23T09:22:49+00:00","breadcrumb":{"@id":"https:\/\/www.maisondulacdegrandlieu.org\/en\/billetterie\/a-la-rencontre-des-migrateurs-dautomne\/#breadcrumb"},"inLanguage":"en-US","potentialAction":[{"@type":"ReadAction","target":["https:\/\/www.maisondulacdegrandlieu.org\/en\/billetterie\/a-la-rencontre-des-migrateurs-dautomne\/"]}]},{"@type":"ImageObject","inLanguage":"en-US","@id":"https:\/\/www.maisondulacdegrandlieu.org\/en\/billetterie\/a-la-rencontre-des-migrateurs-dautomne\/#primaryimage","url":"https:\/\/maisondulac-197c6.kxcdn.com\/wp-content\/uploads\/2023\/09\/2023-10-Migrateurs-dautomne-tel-\u00a9MDL-50CARRE-scaled.jpg","contentUrl":"https:\/\/maisondulac-197c6.kxcdn.com\/wp-content\/uploads\/2023\/09\/2023-10-Migrateurs-dautomne-tel-\u00a9MDL-50CARRE-scaled.jpg","width":2560,"height":2560,"caption":"\u00a9 MDL"},{"@type":"BreadcrumbList","@id":"https:\/\/www.maisondulacdegrandlieu.org\/en\/billetterie\/a-la-rencontre-des-migrateurs-dautomne\/#breadcrumb","itemListElement":[{"@type":"ListItem","position":1,"name":"Accueil","item":"https:\/\/www.maisondulacdegrandlieu.org\/en\/"},{"@type":"ListItem","position":2,"name":"Booking","item":"https:\/\/www.maisondulacdegrandlieu.org\/en\/booking\/"},{"@type":"ListItem","position":3,"name":"\u00c0 la rencontre des migrateurs d&#8217;automne"}]},{"@type":"WebSite","@id":"https:\/\/www.maisondulacdegrandlieu.org\/#website","url":"https:\/\/www.maisondulacdegrandlieu.org\/","name":"Maison du Lac de Grand-Lieu","description":"","publisher":{"@id":"https:\/\/www.maisondulacdegrandlieu.org\/#organization"},"potentialAction":[{"@type":"SearchAction","target":{"@type":"EntryPoint","urlTemplate":"https:\/\/www.maisondulacdegrandlieu.org\/?s={search_term_string}"},"query-input":{"@type":"PropertyValueSpecification","valueRequired":true,"valueName":"search_term_string"}}],"inLanguage":"en-US"},{"@type":"Organization","@id":"https:\/\/www.maisondulacdegrandlieu.org\/#organization","name":"Maison du Lac de Grand-Lieu","url":"https:\/\/www.maisondulacdegrandlieu.org\/","logo":{"@type":"ImageObject","inLanguage":"en-US","@id":"https:\/\/www.maisondulacdegrandlieu.org\/#\/schema\/logo\/image\/","url":"https:\/\/maisondulac-197c6.kxcdn.com\/wp-content\/uploads\/2021\/06\/logo-maison-du-lac-de-grand-lieu.svg","contentUrl":"https:\/\/maisondulac-197c6.kxcdn.com\/wp-content\/uploads\/2021\/06\/logo-maison-du-lac-de-grand-lieu.svg","width":222,"height":49,"caption":"Maison du Lac de Grand-Lieu"},"image":{"@id":"https:\/\/www.maisondulacdegrandlieu.org\/#\/schema\/logo\/image\/"}}]}},"_links":{"self":[{"href":"https:\/\/www.maisondulacdegrandlieu.org\/en\/wp-json\/wp\/v2\/product\/54144","targetHints":{"allow":["GET"]}}],"collection":[{"href":"https:\/\/www.maisondulacdegrandlieu.org\/en\/wp-json\/wp\/v2\/product"}],"about":[{"href":"https:\/\/www.maisondulacdegrandlieu.org\/en\/wp-json\/wp\/v2\/types\/product"}],"wp:featuredmedia":[{"embeddable":true,"href":"https:\/\/www.maisondulacdegrandlieu.org\/en\/wp-json\/wp\/v2\/media\/79239"}],"wp:attachment":[{"href":"https:\/\/www.maisondulacdegrandlieu.org\/en\/wp-json\/wp\/v2\/media?parent=54144"}],"wp:term":[{"taxonomy":"product_brand","embeddable":true,"href":"https:\/\/www.maisondulacdegrandlieu.org\/en\/wp-json\/wp\/v2\/product_brand?post=54144"},{"taxonomy":"product_cat","embeddable":true,"href":"https:\/\/www.maisondulacdegrandlieu.org\/en\/wp-json\/wp\/v2\/product_cat?post=54144"},{"taxonomy":"product_tag","embeddable":true,"href":"https:\/\/www.maisondulacdegrandlieu.org\/en\/wp-json\/wp\/v2\/product_tag?post=54144"}],"curies":[{"name":"wp","href":"https:\/\/api.w.org\/{rel}","templated":true}]}}